{"id":824,"date":"2025-08-02T20:38:53","date_gmt":"2025-08-02T20:38:53","guid":{"rendered":"https:\/\/st-elisabeth-hassloch.de\/?page_id=824"},"modified":"2026-01-19T20:24:43","modified_gmt":"2026-01-19T20:24:43","slug":"unsere_unterstuetzer","status":"publish","type":"page","link":"https:\/\/st-elisabeth-hassloch.de\/index.php\/unsere_unterstuetzer\/","title":{"rendered":"Naturspur &#8211; unsere Unterst\u00fctzer"},"content":{"rendered":"\t\t<div data-elementor-type=\"wp-page\" data-elementor-id=\"824\" class=\"elementor elementor-824\" data-elementor-post-type=\"page\">\n\t\t\t\t\t\t<section class=\"elementor-section elementor-top-section elementor-element elementor-element-462bea5e elementor-section-height-min-height elementor-section-content-middle elementor-section-boxed elementor-section-height-default elementor-section-items-middle\" data-id=\"462bea5e\" data-element_type=\"section\" data-settings=\"{&quot;background_background&quot;:&quot;classic&quot;}\">\n\t\t\t\t\t\t\t<div class=\"elementor-background-overlay\"><\/div>\n\t\t\t\t\t\t\t<div class=\"elementor-container elementor-column-gap-no\">\n\t\t\t\t\t<div class=\"elementor-column elementor-col-100 elementor-top-column elementor-element elementor-element-435e5363\" data-id=\"435e5363\" data-element_type=\"column\" data-settings=\"{&quot;background_background&quot;:&quot;classic&quot;}\">\n\t\t\t<div class=\"elementor-widget-wrap elementor-element-populated\">\n\t\t\t\t\t\t<div class=\"elementor-element elementor-element-7d2f1e66 elementor-widget__width-initial elementor-widget elementor-widget-heading\" data-id=\"7d2f1e66\" data-element_type=\"widget\" data-widget_type=\"heading.default\">\n\t\t\t\t<div class=\"elementor-widget-container\">\n\t\t\t<style>\/*! elementor - v3.23.0 - 05-08-2024 *\/\n.elementor-heading-title{padding:0;margin:0;line-height:1}.elementor-widget-heading .elementor-heading-title[class*=elementor-size-]>a{color:inherit;font-size:inherit;line-height:inherit}.elementor-widget-heading .elementor-heading-title.elementor-size-small{font-size:15px}.elementor-widget-heading .elementor-heading-title.elementor-size-medium{font-size:19px}.elementor-widget-heading .elementor-heading-title.elementor-size-large{font-size:29px}.elementor-widget-heading .elementor-heading-title.elementor-size-xl{font-size:39px}.elementor-widget-heading .elementor-heading-title.elementor-size-xxl{font-size:59px}<\/style><h1 class=\"elementor-heading-title elementor-size-default\">Unsere Unterst\u00fctzer<\/h1>\t\t<\/div>\n\t\t\t\t<\/div>\n\t\t\t\t\t<\/div>\n\t\t<\/div>\n\t\t\t\t\t<\/div>\n\t\t<\/section>\n\t\t\t\t<section class=\"elementor-section elementor-top-section elementor-element elementor-element-02e3641 elementor-section-boxed elementor-section-height-default elementor-section-height-default\" data-id=\"02e3641\" data-element_type=\"section\">\n\t\t\t\t\t\t<div class=\"elementor-container elementor-column-gap-default\">\n\t\t\t\t\t<div class=\"elementor-column elementor-col-100 elementor-top-column elementor-element elementor-element-ba492ad\" data-id=\"ba492ad\" data-element_type=\"column\">\n\t\t\t<div class=\"elementor-widget-wrap elementor-element-populated\">\n\t\t\t\t\t\t<div class=\"elementor-element elementor-element-a1adfeb elementor-widget elementor-widget-heading\" data-id=\"a1adfeb\" data-element_type=\"widget\" data-widget_type=\"heading.default\">\n\t\t\t\t<div class=\"elementor-widget-container\">\n\t\t\t<h3 class=\"elementor-heading-title elementor-size-default\"><h3 style=\"text-align: center;\">Wir bedanken uns herzlich bei allen unseren Unterst\u00fctzern, ohne die das Projekt des neues Au\u00dfengel\u00e4ndes nicht m\u00f6glich w\u00e4re.<\/h3><\/h3>\t\t<\/div>\n\t\t\t\t<\/div>\n\t\t\t\t<section class=\"elementor-section elementor-inner-section elementor-element elementor-element-a13a319 elementor-section-boxed elementor-section-height-default elementor-section-height-default\" data-id=\"a13a319\" data-element_type=\"section\">\n\t\t\t\t\t\t<div class=\"elementor-container elementor-column-gap-default\">\n\t\t\t\t\t<div class=\"elementor-column elementor-col-50 elementor-inner-column elementor-element elementor-element-6ac99bb\" data-id=\"6ac99bb\" data-element_type=\"column\">\n\t\t\t<div class=\"elementor-widget-wrap elementor-element-populated\">\n\t\t\t\t\t\t<div class=\"elementor-element elementor-element-a7d48e0 elementor-position-top elementor-widget elementor-widget-image-box\" data-id=\"a7d48e0\" data-element_type=\"widget\" data-widget_type=\"image-box.default\">\n\t\t\t\t<div class=\"elementor-widget-container\">\n\t\t\t<style>\/*! elementor - v3.23.0 - 05-08-2024 *\/\n.elementor-widget-image-box .elementor-image-box-content{width:100%}@media (min-width:768px){.elementor-widget-image-box.elementor-position-left .elementor-image-box-wrapper,.elementor-widget-image-box.elementor-position-right .elementor-image-box-wrapper{display:flex}.elementor-widget-image-box.elementor-position-right .elementor-image-box-wrapper{text-align:end;flex-direction:row-reverse}.elementor-widget-image-box.elementor-position-left .elementor-image-box-wrapper{text-align:start;flex-direction:row}.elementor-widget-image-box.elementor-position-top .elementor-image-box-img{margin:auto}.elementor-widget-image-box.elementor-vertical-align-top .elementor-image-box-wrapper{align-items:flex-start}.elementor-widget-image-box.elementor-vertical-align-middle .elementor-image-box-wrapper{align-items:center}.elementor-widget-image-box.elementor-vertical-align-bottom .elementor-image-box-wrapper{align-items:flex-end}}@media (max-width:767px){.elementor-widget-image-box .elementor-image-box-img{margin-left:auto!important;margin-right:auto!important;margin-bottom:15px}}.elementor-widget-image-box .elementor-image-box-img{display:inline-block}.elementor-widget-image-box .elementor-image-box-title a{color:inherit}.elementor-widget-image-box .elementor-image-box-wrapper{text-align:center}.elementor-widget-image-box .elementor-image-box-description{margin:0}<\/style><div class=\"elementor-image-box-wrapper\"><figure class=\"elementor-image-box-img\"><a href=\"https:\/\/www.singkreis-lebenstoene.de\/\" target=\"_blank\" tabindex=\"-1\"><img fetchpriority=\"high\" decoding=\"async\" width=\"1219\" height=\"1219\" src=\"https:\/\/st-elisabeth-hassloch.de\/wp-content\/uploads\/2025\/08\/unterstuetzer_lebenstoene.jpg\" class=\"attachment-full size-full wp-image-822\" alt=\"\" \/><\/a><\/figure><div class=\"elementor-image-box-content\"><h3 class=\"elementor-image-box-title\"><a href=\"https:\/\/www.singkreis-lebenstoene.de\/\" target=\"_blank\">Singkreis Lebenst\u00f6ne<\/a><\/h3><p class=\"elementor-image-box-description\">3.000 \u20ac Erl\u00f6s des Benefizkonzertes am 15. M\u00e4rz 2025 unter dem Motto \"Lebe deinen Traum\".\u200b<\/p><\/div><\/div>\t\t<\/div>\n\t\t\t\t<\/div>\n\t\t\t\t\t<\/div>\n\t\t<\/div>\n\t\t\t\t<div class=\"elementor-column elementor-col-50 elementor-inner-column elementor-element elementor-element-9195819\" data-id=\"9195819\" data-element_type=\"column\">\n\t\t\t<div class=\"elementor-widget-wrap elementor-element-populated\">\n\t\t\t\t\t\t<div class=\"elementor-element elementor-element-2ced883 elementor-position-top elementor-widget elementor-widget-image-box\" data-id=\"2ced883\" data-element_type=\"widget\" data-widget_type=\"image-box.default\">\n\t\t\t\t<div class=\"elementor-widget-container\">\n\t\t\t<div class=\"elementor-image-box-wrapper\"><figure class=\"elementor-image-box-img\"><img decoding=\"async\" width=\"1965\" height=\"460\" src=\"https:\/\/st-elisabeth-hassloch.de\/wp-content\/uploads\/2025\/08\/MFU_Gewinnsparverein.png\" class=\"attachment-full size-full wp-image-829\" alt=\"\" \/><\/figure><div class=\"elementor-image-box-content\"><h3 class=\"elementor-image-box-title\">Gewinnsparverein der Sparda-Bank S\u00fcdwest e.V.<\/h3><p class=\"elementor-image-box-description\">2000\u20ac<\/p><\/div><\/div>\t\t<\/div>\n\t\t\t\t<\/div>\n\t\t\t\t\t<\/div>\n\t\t<\/div>\n\t\t\t\t\t<\/div>\n\t\t<\/section>\n\t\t\t\t<section class=\"elementor-section elementor-inner-section elementor-element elementor-element-39458a4 elementor-section-boxed elementor-section-height-default elementor-section-height-default\" data-id=\"39458a4\" data-element_type=\"section\">\n\t\t\t\t\t\t<div class=\"elementor-container elementor-column-gap-default\">\n\t\t\t\t\t<div class=\"elementor-column elementor-col-50 elementor-inner-column elementor-element elementor-element-4310569\" data-id=\"4310569\" data-element_type=\"column\">\n\t\t\t<div class=\"elementor-widget-wrap elementor-element-populated\">\n\t\t\t\t\t\t<div class=\"elementor-element elementor-element-49ea2ba elementor-position-top elementor-widget elementor-widget-image-box\" data-id=\"49ea2ba\" data-element_type=\"widget\" data-widget_type=\"image-box.default\">\n\t\t\t\t<div class=\"elementor-widget-container\">\n\t\t\t<div class=\"elementor-image-box-wrapper\"><figure class=\"elementor-image-box-img\"><img decoding=\"async\" width=\"500\" height=\"500\" src=\"https:\/\/st-elisabeth-hassloch.de\/wp-content\/uploads\/2025\/09\/Landjugend_duttweiler_sunshine_logo.jpeg\" class=\"attachment-full size-full wp-image-1037\" alt=\"\" srcset=\"https:\/\/st-elisabeth-hassloch.de\/wp-content\/uploads\/2025\/09\/Landjugend_duttweiler_sunshine_logo.jpeg 500w, https:\/\/st-elisabeth-hassloch.de\/wp-content\/uploads\/2025\/09\/Landjugend_duttweiler_sunshine_logo-300x300.jpeg 300w, https:\/\/st-elisabeth-hassloch.de\/wp-content\/uploads\/2025\/09\/Landjugend_duttweiler_sunshine_logo-150x150.jpeg 150w\" sizes=\"(max-width: 500px) 100vw, 500px\" \/><\/figure><div class=\"elementor-image-box-content\"><h3 class=\"elementor-image-box-title\">Landjugend Duttweiler Sunshine<\/h3><\/div><\/div>\t\t<\/div>\n\t\t\t\t<\/div>\n\t\t\t\t\t<\/div>\n\t\t<\/div>\n\t\t\t\t<div class=\"elementor-column elementor-col-50 elementor-inner-column elementor-element elementor-element-22b3cf1\" data-id=\"22b3cf1\" data-element_type=\"column\">\n\t\t\t<div class=\"elementor-widget-wrap elementor-element-populated\">\n\t\t\t\t\t\t<div class=\"elementor-element elementor-element-e7d80de elementor-position-top elementor-widget elementor-widget-image-box\" data-id=\"e7d80de\" data-element_type=\"widget\" data-widget_type=\"image-box.default\">\n\t\t\t\t<div class=\"elementor-widget-container\">\n\t\t\t<div class=\"elementor-image-box-wrapper\"><figure class=\"elementor-image-box-img\"><img loading=\"lazy\" decoding=\"async\" width=\"200\" height=\"69\" src=\"https:\/\/st-elisabeth-hassloch.de\/wp-content\/uploads\/2025\/09\/Globus_Baumarkt-e1761422150230.png\" class=\"attachment-large size-large wp-image-1038\" alt=\"\" \/><\/figure><div class=\"elementor-image-box-content\"><h3 class=\"elementor-image-box-title\">Globus Baumarkt Neustadt\/Weinstra\u00dfe<\/h3><\/div><\/div>\t\t<\/div>\n\t\t\t\t<\/div>\n\t\t\t\t\t<\/div>\n\t\t<\/div>\n\t\t\t\t\t<\/div>\n\t\t<\/section>\n\t\t\t\t<section class=\"elementor-section elementor-inner-section elementor-element elementor-element-6b6ffe5 elementor-section-boxed elementor-section-height-default elementor-section-height-default\" data-id=\"6b6ffe5\" data-element_type=\"section\">\n\t\t\t\t\t\t<div class=\"elementor-container elementor-column-gap-default\">\n\t\t\t\t\t<div class=\"elementor-column elementor-col-50 elementor-inner-column elementor-element elementor-element-86c1e97\" data-id=\"86c1e97\" data-element_type=\"column\">\n\t\t\t<div class=\"elementor-widget-wrap elementor-element-populated\">\n\t\t\t\t\t\t<div class=\"elementor-element elementor-element-dce36bb elementor-position-top elementor-widget elementor-widget-image-box\" data-id=\"dce36bb\" data-element_type=\"widget\" data-widget_type=\"image-box.default\">\n\t\t\t\t<div class=\"elementor-widget-container\">\n\t\t\t<div class=\"elementor-image-box-wrapper\"><figure class=\"elementor-image-box-img\"><img loading=\"lazy\" decoding=\"async\" width=\"400\" height=\"150\" src=\"https:\/\/st-elisabeth-hassloch.de\/wp-content\/uploads\/2025\/10\/gerland-gartenbau.png\" class=\"attachment-full size-full wp-image-1061\" alt=\"\" srcset=\"https:\/\/st-elisabeth-hassloch.de\/wp-content\/uploads\/2025\/10\/gerland-gartenbau.png 400w, https:\/\/st-elisabeth-hassloch.de\/wp-content\/uploads\/2025\/10\/gerland-gartenbau-300x113.png 300w\" sizes=\"(max-width: 400px) 100vw, 400px\" \/><\/figure><div class=\"elementor-image-box-content\"><h3 class=\"elementor-image-box-title\">Garten &amp; Landschaftsbau Gerland<\/h3><\/div><\/div>\t\t<\/div>\n\t\t\t\t<\/div>\n\t\t\t\t\t<\/div>\n\t\t<\/div>\n\t\t\t\t<div class=\"elementor-column elementor-col-50 elementor-inner-column elementor-element elementor-element-9610d35\" data-id=\"9610d35\" data-element_type=\"column\">\n\t\t\t<div class=\"elementor-widget-wrap elementor-element-populated\">\n\t\t\t\t\t\t<div class=\"elementor-element elementor-element-b0cacb1 elementor-position-top elementor-widget elementor-widget-image-box\" data-id=\"b0cacb1\" data-element_type=\"widget\" data-widget_type=\"image-box.default\">\n\t\t\t\t<div class=\"elementor-widget-container\">\n\t\t\t<div class=\"elementor-image-box-wrapper\"><figure class=\"elementor-image-box-img\"><img loading=\"lazy\" decoding=\"async\" width=\"518\" height=\"130\" src=\"https:\/\/st-elisabeth-hassloch.de\/wp-content\/uploads\/2025\/10\/Kaufland_logo-e1761422498476.png\" class=\"attachment-full size-full wp-image-1066\" alt=\"\" srcset=\"https:\/\/st-elisabeth-hassloch.de\/wp-content\/uploads\/2025\/10\/Kaufland_logo-e1761422498476.png 518w, https:\/\/st-elisabeth-hassloch.de\/wp-content\/uploads\/2025\/10\/Kaufland_logo-e1761422498476-300x75.png 300w\" sizes=\"(max-width: 518px) 100vw, 518px\" \/><\/figure><div class=\"elementor-image-box-content\"><h3 class=\"elementor-image-box-title\">Kaufland Ha\u00dfloch<\/h3><\/div><\/div>\t\t<\/div>\n\t\t\t\t<\/div>\n\t\t\t\t\t<\/div>\n\t\t<\/div>\n\t\t\t\t\t<\/div>\n\t\t<\/section>\n\t\t\t\t<section class=\"elementor-section elementor-inner-section elementor-element elementor-element-fd8c37e elementor-section-boxed elementor-section-height-default elementor-section-height-default\" data-id=\"fd8c37e\" data-element_type=\"section\">\n\t\t\t\t\t\t<div class=\"elementor-container elementor-column-gap-default\">\n\t\t\t\t\t<div class=\"elementor-column elementor-col-50 elementor-inner-column elementor-element elementor-element-beb55ba\" data-id=\"beb55ba\" data-element_type=\"column\">\n\t\t\t<div class=\"elementor-widget-wrap elementor-element-populated\">\n\t\t\t\t\t\t<div class=\"elementor-element elementor-element-cbf3439 elementor-position-top elementor-widget elementor-widget-image-box\" data-id=\"cbf3439\" data-element_type=\"widget\" data-widget_type=\"image-box.default\">\n\t\t\t\t<div class=\"elementor-widget-container\">\n\t\t\t<div class=\"elementor-image-box-wrapper\"><figure class=\"elementor-image-box-img\"><img loading=\"lazy\" decoding=\"async\" width=\"1067\" height=\"620\" src=\"https:\/\/st-elisabeth-hassloch.de\/wp-content\/uploads\/2025\/10\/gartengestaltung_elzer-e1761421600750.jpg\" class=\"attachment-full size-full wp-image-1064\" alt=\"\" srcset=\"https:\/\/st-elisabeth-hassloch.de\/wp-content\/uploads\/2025\/10\/gartengestaltung_elzer-e1761421600750.jpg 1067w, https:\/\/st-elisabeth-hassloch.de\/wp-content\/uploads\/2025\/10\/gartengestaltung_elzer-e1761421600750-300x174.jpg 300w, https:\/\/st-elisabeth-hassloch.de\/wp-content\/uploads\/2025\/10\/gartengestaltung_elzer-e1761421600750-1024x595.jpg 1024w, https:\/\/st-elisabeth-hassloch.de\/wp-content\/uploads\/2025\/10\/gartengestaltung_elzer-e1761421600750-768x446.jpg 768w\" sizes=\"(max-width: 1067px) 100vw, 1067px\" \/><\/figure><div class=\"elementor-image-box-content\"><h3 class=\"elementor-image-box-title\">Gartengestaltung - \nRainer Elzer<\/h3><\/div><\/div>\t\t<\/div>\n\t\t\t\t<\/div>\n\t\t\t\t\t<\/div>\n\t\t<\/div>\n\t\t\t\t<div class=\"elementor-column elementor-col-50 elementor-inner-column elementor-element elementor-element-a0bc681\" data-id=\"a0bc681\" data-element_type=\"column\">\n\t\t\t<div class=\"elementor-widget-wrap elementor-element-populated\">\n\t\t\t\t\t\t<div class=\"elementor-element elementor-element-c79be7d elementor-position-top elementor-widget elementor-widget-image-box\" data-id=\"c79be7d\" data-element_type=\"widget\" data-widget_type=\"image-box.default\">\n\t\t\t\t<div class=\"elementor-widget-container\">\n\t\t\t<div class=\"elementor-image-box-wrapper\"><figure class=\"elementor-image-box-img\"><img loading=\"lazy\" decoding=\"async\" width=\"2560\" height=\"656\" src=\"https:\/\/st-elisabeth-hassloch.de\/wp-content\/uploads\/2025\/10\/Bauhaus_mit_Claim-scaled.jpg\" class=\"attachment-full size-full wp-image-1065\" alt=\"\" srcset=\"https:\/\/st-elisabeth-hassloch.de\/wp-content\/uploads\/2025\/10\/Bauhaus_mit_Claim-scaled.jpg 2560w, https:\/\/st-elisabeth-hassloch.de\/wp-content\/uploads\/2025\/10\/Bauhaus_mit_Claim-300x77.jpg 300w, https:\/\/st-elisabeth-hassloch.de\/wp-content\/uploads\/2025\/10\/Bauhaus_mit_Claim-1024x263.jpg 1024w, https:\/\/st-elisabeth-hassloch.de\/wp-content\/uploads\/2025\/10\/Bauhaus_mit_Claim-768x197.jpg 768w, https:\/\/st-elisabeth-hassloch.de\/wp-content\/uploads\/2025\/10\/Bauhaus_mit_Claim-1536x394.jpg 1536w, https:\/\/st-elisabeth-hassloch.de\/wp-content\/uploads\/2025\/10\/Bauhaus_mit_Claim-2048x525.jpg 2048w\" sizes=\"(max-width: 2560px) 100vw, 2560px\" \/><\/figure><div class=\"elementor-image-box-content\"><h3 class=\"elementor-image-box-title\">Bauhaus Ha\u00dfloch<\/h3><\/div><\/div>\t\t<\/div>\n\t\t\t\t<\/div>\n\t\t\t\t\t<\/div>\n\t\t<\/div>\n\t\t\t\t\t<\/div>\n\t\t<\/section>\n\t\t\t\t<section class=\"elementor-section elementor-inner-section elementor-element elementor-element-cc8fb4f elementor-section-boxed elementor-section-height-default elementor-section-height-default\" data-id=\"cc8fb4f\" data-element_type=\"section\">\n\t\t\t\t\t\t<div class=\"elementor-container elementor-column-gap-default\">\n\t\t\t\t\t<div class=\"elementor-column elementor-col-50 elementor-inner-column elementor-element elementor-element-a0fe0d8\" data-id=\"a0fe0d8\" data-element_type=\"column\">\n\t\t\t<div class=\"elementor-widget-wrap elementor-element-populated\">\n\t\t\t\t\t\t<div class=\"elementor-element elementor-element-8be455c elementor-position-top elementor-widget elementor-widget-image-box\" data-id=\"8be455c\" data-element_type=\"widget\" data-widget_type=\"image-box.default\">\n\t\t\t\t<div class=\"elementor-widget-container\">\n\t\t\t<div class=\"elementor-image-box-wrapper\"><figure class=\"elementor-image-box-img\"><img loading=\"lazy\" decoding=\"async\" width=\"371\" height=\"453\" src=\"https:\/\/st-elisabeth-hassloch.de\/wp-content\/uploads\/2025\/12\/Lionsclub-Hassloch-Logo.png\" class=\"attachment-full size-full wp-image-1071\" alt=\"\" srcset=\"https:\/\/st-elisabeth-hassloch.de\/wp-content\/uploads\/2025\/12\/Lionsclub-Hassloch-Logo.png 371w, https:\/\/st-elisabeth-hassloch.de\/wp-content\/uploads\/2025\/12\/Lionsclub-Hassloch-Logo-246x300.png 246w\" sizes=\"(max-width: 371px) 100vw, 371px\" \/><\/figure><\/div>\t\t<\/div>\n\t\t\t\t<\/div>\n\t\t\t\t\t<\/div>\n\t\t<\/div>\n\t\t\t\t<div class=\"elementor-column elementor-col-50 elementor-inner-column elementor-element elementor-element-32d8be3\" data-id=\"32d8be3\" data-element_type=\"column\">\n\t\t\t<div class=\"elementor-widget-wrap elementor-element-populated\">\n\t\t\t\t\t\t<div class=\"elementor-element elementor-element-751209a elementor-position-top elementor-widget elementor-widget-image-box\" data-id=\"751209a\" data-element_type=\"widget\" data-widget_type=\"image-box.default\">\n\t\t\t\t<div class=\"elementor-widget-container\">\n\t\t\t<div class=\"elementor-image-box-wrapper\"><figure class=\"elementor-image-box-img\"><img loading=\"lazy\" decoding=\"async\" width=\"1874\" height=\"2105\" src=\"https:\/\/st-elisabeth-hassloch.de\/wp-content\/uploads\/2026\/01\/Mahler_Schleifer_GmbH.jpg\" class=\"attachment-full size-full wp-image-1093\" alt=\"\" srcset=\"https:\/\/st-elisabeth-hassloch.de\/wp-content\/uploads\/2026\/01\/Mahler_Schleifer_GmbH.jpg 1874w, https:\/\/st-elisabeth-hassloch.de\/wp-content\/uploads\/2026\/01\/Mahler_Schleifer_GmbH-267x300.jpg 267w, https:\/\/st-elisabeth-hassloch.de\/wp-content\/uploads\/2026\/01\/Mahler_Schleifer_GmbH-912x1024.jpg 912w, https:\/\/st-elisabeth-hassloch.de\/wp-content\/uploads\/2026\/01\/Mahler_Schleifer_GmbH-768x863.jpg 768w, https:\/\/st-elisabeth-hassloch.de\/wp-content\/uploads\/2026\/01\/Mahler_Schleifer_GmbH-1367x1536.jpg 1367w, https:\/\/st-elisabeth-hassloch.de\/wp-content\/uploads\/2026\/01\/Mahler_Schleifer_GmbH-1823x2048.jpg 1823w\" sizes=\"(max-width: 1874px) 100vw, 1874px\" \/><\/figure><div class=\"elementor-image-box-content\"><h3 class=\"elementor-image-box-title\">Schleifer GmbH<\/h3><\/div><\/div>\t\t<\/div>\n\t\t\t\t<\/div>\n\t\t\t\t\t<\/div>\n\t\t<\/div>\n\t\t\t\t\t<\/div>\n\t\t<\/section>\n\t\t\t\t\t<\/div>\n\t\t<\/div>\n\t\t\t\t\t<\/div>\n\t\t<\/section>\n\t\t\t\t<\/div>\n\t\t","protected":false},"excerpt":{"rendered":"<p>Unsere Unterst\u00fctzer Wir bedanken uns herzlich bei allen unseren Unterst\u00fctzern, ohne die das Projekt des neues Au\u00dfengel\u00e4ndes nicht m\u00f6glich w\u00e4re. Singkreis Lebenst\u00f6ne 3.000 \u20ac Erl\u00f6s des Benefizkonzertes am 15. M\u00e4rz 2025 unter dem Motto &#8220;Lebe deinen Traum&#8221;.\u200b Gewinnsparverein der Sparda-Bank S\u00fcdwest e.V. 2000\u20ac Landjugend Duttweiler Sunshine Globus Baumarkt Neustadt\/Weinstra\u00dfe Garten &amp; Landschaftsbau Gerland Kaufland Ha\u00dfloch [&hellip;]<\/p>\n","protected":false},"author":1,"featured_media":0,"parent":0,"menu_order":0,"comment_status":"closed","ping_status":"closed","template":"","meta":{"site-sidebar-layout":"no-sidebar","site-content-layout":"","ast-site-content-layout":"full-width-container","site-content-style":"default","site-sidebar-style":"default","ast-global-header-display":"","ast-banner-title-visibility":"","ast-main-header-display":"","ast-hfb-above-header-display":"","ast-hfb-below-header-display":"","ast-hfb-mobile-header-display":"","site-post-title":"disabled","ast-breadcrumbs-content":"","ast-featured-img":"disabled","footer-sml-layout":"","theme-transparent-header-meta":"","adv-header-id-meta":"","stick-header-meta":"","header-above-stick-meta":"","header-main-stick-meta":"","header-below-stick-meta":"","astra-migrate-meta-layouts":"default","ast-page-background-enabled":"default","ast-page-background-meta":{"desktop":{"background-color":"var(--ast-global-color-4)","background-image":"","background-repeat":"repeat","background-position":"center center","background-size":"auto","background-attachment":"scroll","background-type":"","background-media":"","overlay-type":"","overlay-color":"","overlay-opacity":"","overlay-gradient":""},"tablet":{"background-color":"","background-image":"","background-repeat":"repeat","background-position":"center center","background-size":"auto","background-attachment":"scroll","background-type":"","background-media":"","overlay-type":"","overlay-color":"","overlay-opacity":"","overlay-gradient":""},"mobile":{"background-color":"","background-image":"","background-repeat":"repeat","background-position":"center center","background-size":"auto","background-attachment":"scroll","background-type":"","background-media":"","overlay-type":"","overlay-color":"","overlay-opacity":"","overlay-gradient":""}},"ast-content-background-meta":{"desktop":{"background-color":"var(--ast-global-color-5)","background-image":"","background-repeat":"repeat","background-position":"center center","background-size":"auto","background-attachment":"scroll","background-type":"","background-media":"","overlay-type":"","overlay-color":"","overlay-opacity":"","overlay-gradient":""},"tablet":{"background-color":"var(--ast-global-color-5)","background-image":"","background-repeat":"repeat","background-position":"center center","background-size":"auto","background-attachment":"scroll","background-type":"","background-media":"","overlay-type":"","overlay-color":"","overlay-opacity":"","overlay-gradient":""},"mobile":{"background-color":"var(--ast-global-color-5)","background-image":"","background-repeat":"repeat","background-position":"center center","background-size":"auto","background-attachment":"scroll","background-type":"","background-media":"","overlay-type":"","overlay-color":"","overlay-opacity":"","overlay-gradient":""}},"footnotes":""},"class_list":["post-824","page","type-page","status-publish","hentry"],"_links":{"self":[{"href":"https:\/\/st-elisabeth-hassloch.de\/index.php\/wp-json\/wp\/v2\/pages\/824","targetHints":{"allow":["GET"]}}],"collection":[{"href":"https:\/\/st-elisabeth-hassloch.de\/index.php\/wp-json\/wp\/v2\/pages"}],"about":[{"href":"https:\/\/st-elisabeth-hassloch.de\/index.php\/wp-json\/wp\/v2\/types\/page"}],"author":[{"embeddable":true,"href":"https:\/\/st-elisabeth-hassloch.de\/index.php\/wp-json\/wp\/v2\/users\/1"}],"replies":[{"embeddable":true,"href":"https:\/\/st-elisabeth-hassloch.de\/index.php\/wp-json\/wp\/v2\/comments?post=824"}],"version-history":[{"count":34,"href":"https:\/\/st-elisabeth-hassloch.de\/index.php\/wp-json\/wp\/v2\/pages\/824\/revisions"}],"predecessor-version":[{"id":1097,"href":"https:\/\/st-elisabeth-hassloch.de\/index.php\/wp-json\/wp\/v2\/pages\/824\/revisions\/1097"}],"wp:attachment":[{"href":"https:\/\/st-elisabeth-hassloch.de\/index.php\/wp-json\/wp\/v2\/media?parent=824"}],"curies":[{"name":"wp","href":"https:\/\/api.w.org\/{rel}","templated":true}]}}