{"id":445,"date":"2025-06-08T17:12:23","date_gmt":"2025-06-08T15:12:23","guid":{"rendered":"https:\/\/st-elisabeth-hassloch.de\/?page_id=445"},"modified":"2025-07-22T09:32:52","modified_gmt":"2025-07-22T09:32:52","slug":"foerderverein-mitglied-werden","status":"publish","type":"page","link":"https:\/\/st-elisabeth-hassloch.de\/index.php\/foerderverein-mitglied-werden\/","title":{"rendered":"F\u00f6rderverein &#8211; Mitglied werden"},"content":{"rendered":"\t\t<div data-elementor-type=\"wp-page\" data-elementor-id=\"445\" class=\"elementor elementor-445\" data-elementor-post-type=\"page\">\n\t\t\t\t\t\t<section class=\"elementor-section elementor-top-section elementor-element elementor-element-3651045 elementor-section-boxed elementor-section-height-default elementor-section-height-default\" data-id=\"3651045\" data-element_type=\"section\">\n\t\t\t\t\t\t<div class=\"elementor-container elementor-column-gap-default\">\n\t\t\t\t\t<div class=\"elementor-column elementor-col-100 elementor-top-column elementor-element elementor-element-6408e7a\" data-id=\"6408e7a\" data-element_type=\"column\">\n\t\t\t<div class=\"elementor-widget-wrap elementor-element-populated\">\n\t\t\t\t\t\t<section class=\"elementor-section elementor-inner-section elementor-element elementor-element-09c7eee elementor-section-full_width elementor-section-height-default elementor-section-height-default\" data-id=\"09c7eee\" data-element_type=\"section\">\n\t\t\t\t\t\t<div class=\"elementor-container elementor-column-gap-extended\">\n\t\t\t\t\t<div class=\"elementor-column elementor-col-50 elementor-inner-column elementor-element elementor-element-3d45414\" data-id=\"3d45414\" data-element_type=\"column\">\n\t\t\t<div class=\"elementor-widget-wrap elementor-element-populated\">\n\t\t\t\t\t\t<div class=\"elementor-element elementor-element-9841992 elementor-widget__width-initial elementor-widget elementor-widget-heading\" data-id=\"9841992\" data-element_type=\"widget\" data-widget_type=\"heading.default\">\n\t\t\t\t<div class=\"elementor-widget-container\">\n\t\t\t<style>\/*! elementor - v3.23.0 - 05-08-2024 *\/\n.elementor-heading-title{padding:0;margin:0;line-height:1}.elementor-widget-heading .elementor-heading-title[class*=elementor-size-]>a{color:inherit;font-size:inherit;line-height:inherit}.elementor-widget-heading .elementor-heading-title.elementor-size-small{font-size:15px}.elementor-widget-heading .elementor-heading-title.elementor-size-medium{font-size:19px}.elementor-widget-heading .elementor-heading-title.elementor-size-large{font-size:29px}.elementor-widget-heading .elementor-heading-title.elementor-size-xl{font-size:39px}.elementor-widget-heading .elementor-heading-title.elementor-size-xxl{font-size:59px}<\/style><h5 class=\"elementor-heading-title elementor-size-default\">F\u00f6rderverein der Kath. Kindertagesst\u00e4tte St. Elisabeth in Ha\u00dfloch e.V.<\/h5>\t\t<\/div>\n\t\t\t\t<\/div>\n\t\t\t\t<div class=\"elementor-element elementor-element-33ad7d9 elementor-widget elementor-widget-wpforms\" data-id=\"33ad7d9\" data-element_type=\"widget\" data-widget_type=\"wpforms.default\">\n\t\t\t\t<div class=\"elementor-widget-container\">\n\t\t\t<style id=\"wpforms-css-vars-elementor-widget-33ad7d9\">\n\t\t\t\t.elementor-widget-wpforms.elementor-element-33ad7d9 {\n\t\t\t\t--wpforms-field-border-color: #cccccc;\n--wpforms-field-border-color-spare: #cccccc;\n--wpforms-field-text-color: #444444;\n--wpforms-label-color: #262626;\n--wpforms-label-sublabel-color: #7f7f7f;\n--wpforms-label-error-color: #ff0000;\n--wpforms-button-border-style: solid;\n--wpforms-button-background-color: #dddddd;\n--wpforms-button-border-color: #cccccc;\n--wpforms-button-text-color: #666666;\n--wpforms-page-break-color: #dddddd;\n--wpforms-label-size-font-size: 14px;\n--wpforms-label-size-line-height: 17px;\n--wpforms-label-size-sublabel-font-size: 13px;\n--wpforms-label-size-sublabel-line-height: 16px;\n\n\t\t\t}\n\t\t\t<\/style><div class=\"wpforms-container wpforms-container-full wpforms-render-modern\" id=\"wpforms-702\"><form id=\"wpforms-form-702\" class=\"wpforms-validate wpforms-form wpforms-ajax-form\" data-formid=\"702\" method=\"post\" enctype=\"multipart\/form-data\" action=\"\/index.php\/wp-json\/wp\/v2\/pages\/445\" data-token=\"0041baaddf64ae25d3da8446bd6c8b0f\" data-token-time=\"1778009516\"><noscript class=\"wpforms-error-noscript\">Please enable JavaScript in your browser to complete this form.<\/noscript><div id=\"wpforms-error-noscript\" style=\"display: none;\">Please enable JavaScript in your browser to complete this form.<\/div><div class=\"wpforms-field-container\">\t\t<div id=\"wpforms-702-field_4-container\"\n\t\t\tclass=\"wpforms-field wpforms-field-text\"\n\t\t\tdata-field-type=\"text\"\n\t\t\tdata-field-id=\"4\"\n\t\t\t>\n\t\t\t<label class=\"wpforms-field-label\" for=\"wpforms-702-field_4\" >Name(n) Hausnr. Beitritserkl\u00e4rung<\/label>\n\t\t\t<input type=\"text\" id=\"wpforms-702-field_4\" class=\"wpforms-field-medium\" name=\"wpforms[fields][4]\" >\n\t\t<\/div>\n\t\t<div id=\"wpforms-702-field_14-container\" class=\"wpforms-field wpforms-field-radio wpforms-list-inline\" data-field-id=\"14\"><fieldset><legend class=\"wpforms-field-label\">Mitgliedschaft <span class=\"wpforms-required-label\" aria-hidden=\"true\">*<\/span><\/legend><ul id=\"wpforms-702-field_14\" class=\"wpforms-field-required\"><li class=\"choice-1 depth-1\"><input type=\"radio\" id=\"wpforms-702-field_14_1\" name=\"wpforms[fields][14]\" value=\"Einzelmitgliedschaft\" aria-errormessage=\"wpforms-702-field_14_1-error\" required ><label class=\"wpforms-field-label-inline\" for=\"wpforms-702-field_14_1\">Einzelmitgliedschaft<\/label><\/li><li class=\"choice-2 depth-1\"><input type=\"radio\" id=\"wpforms-702-field_14_2\" name=\"wpforms[fields][14]\" value=\"Familienmitgliedschaft\" aria-errormessage=\"wpforms-702-field_14_2-error\" required ><label class=\"wpforms-field-label-inline\" for=\"wpforms-702-field_14_2\">Familienmitgliedschaft<\/label><\/li><\/ul><\/fieldset><\/div><div id=\"wpforms-702-field_1-container\" class=\"wpforms-field wpforms-field-name\" data-field-id=\"1\"><label class=\"wpforms-field-label\" for=\"wpforms-702-field_1\">Name(n) <span class=\"wpforms-required-label\" aria-hidden=\"true\">*<\/span><\/label><input type=\"text\" id=\"wpforms-702-field_1\" class=\"wpforms-field-medium wpforms-field-required\" name=\"wpforms[fields][1]\" aria-errormessage=\"wpforms-702-field_1-error\" required><\/div><div id=\"wpforms-702-field_22-container\" class=\"wpforms-field wpforms-field-name\" data-field-id=\"22\"><label class=\"wpforms-field-label\" for=\"wpforms-702-field_22\">Vorname(n) <span class=\"wpforms-required-label\" aria-hidden=\"true\">*<\/span><\/label><input type=\"text\" id=\"wpforms-702-field_22\" class=\"wpforms-field-medium wpforms-field-required\" name=\"wpforms[fields][22]\" aria-errormessage=\"wpforms-702-field_22-error\" required><\/div><div id=\"wpforms-702-field_23-container\" class=\"wpforms-field wpforms-field-number\" data-field-id=\"23\"><label class=\"wpforms-field-label\" for=\"wpforms-702-field_23\">Mitgliedsbeitrag<\/label><input type=\"number\" id=\"wpforms-702-field_23\" class=\"wpforms-field-medium\" name=\"wpforms[fields][23]\" min=\"9\" max=\"1000\" step=\"any\" aria-errormessage=\"wpforms-702-field_23-error\" aria-describedby=\"wpforms-702-field_23-description\" ><div id=\"wpforms-702-field_23-description\" class=\"wpforms-field-description\">Einzelbeitrag mind, 9,- \u20ac \/ Familienbeitrag 15,- \u20ac<\/div><\/div><div id=\"wpforms-702-field_7-container\" class=\"wpforms-field wpforms-field-text\" data-field-id=\"7\"><label class=\"wpforms-field-label\" for=\"wpforms-702-field_7\">Stra\u00dfe, Hausnr. <span class=\"wpforms-required-label\" aria-hidden=\"true\">*<\/span><\/label><input type=\"text\" id=\"wpforms-702-field_7\" class=\"wpforms-field-medium wpforms-field-required\" name=\"wpforms[fields][7]\" aria-errormessage=\"wpforms-702-field_7-error\" required><\/div><div id=\"wpforms-702-field_8-container\" class=\"wpforms-field wpforms-field-number\" data-field-id=\"8\"><label class=\"wpforms-field-label\" for=\"wpforms-702-field_8\">PLZ <span class=\"wpforms-required-label\" aria-hidden=\"true\">*<\/span><\/label><input type=\"number\" id=\"wpforms-702-field_8\" class=\"wpforms-field-medium wpforms-field-required\" name=\"wpforms[fields][8]\" min=\"1067\" max=\"99998\" step=\"any\" aria-errormessage=\"wpforms-702-field_8-error\" required><\/div><div id=\"wpforms-702-field_9-container\" class=\"wpforms-field wpforms-field-text\" data-field-id=\"9\"><label class=\"wpforms-field-label\" for=\"wpforms-702-field_9\">Ort <span class=\"wpforms-required-label\" aria-hidden=\"true\">*<\/span><\/label><input type=\"text\" id=\"wpforms-702-field_9\" class=\"wpforms-field-medium wpforms-field-required\" name=\"wpforms[fields][9]\" aria-errormessage=\"wpforms-702-field_9-error\" required><\/div><div id=\"wpforms-702-field_2-container\" class=\"wpforms-field wpforms-field-email\" data-field-id=\"2\"><label class=\"wpforms-field-label\" for=\"wpforms-702-field_2\">E-Mail <span class=\"wpforms-required-label\" aria-hidden=\"true\">*<\/span><\/label><input type=\"email\" id=\"wpforms-702-field_2\" class=\"wpforms-field-medium wpforms-field-required\" name=\"wpforms[fields][2]\" spellcheck=\"false\" aria-errormessage=\"wpforms-702-field_2-error\" required><\/div><div id=\"wpforms-702-field_17-container\" class=\"wpforms-field wpforms-field-name\" data-field-id=\"17\"><label class=\"wpforms-field-label\" for=\"wpforms-702-field_17\">Kontoinhaber <span class=\"wpforms-required-label\" aria-hidden=\"true\">*<\/span><\/label><input type=\"text\" id=\"wpforms-702-field_17\" class=\"wpforms-field-medium wpforms-field-required\" name=\"wpforms[fields][17]\" aria-errormessage=\"wpforms-702-field_17-error\" required><\/div><div id=\"wpforms-702-field_20-container\" class=\"wpforms-field wpforms-field-text\" data-field-id=\"20\"><label class=\"wpforms-field-label\" for=\"wpforms-702-field_20\">IBAN <span class=\"wpforms-required-label\" aria-hidden=\"true\">*<\/span><\/label><input type=\"text\" id=\"wpforms-702-field_20\" class=\"wpforms-field-medium wpforms-field-required\" name=\"wpforms[fields][20]\" aria-errormessage=\"wpforms-702-field_20-error\" required><\/div><div id=\"wpforms-702-field_19-container\" class=\"wpforms-field wpforms-field-text\" data-field-id=\"19\"><label class=\"wpforms-field-label\" for=\"wpforms-702-field_19\">BIC<\/label><input type=\"text\" id=\"wpforms-702-field_19\" class=\"wpforms-field-medium\" name=\"wpforms[fields][19]\" aria-errormessage=\"wpforms-702-field_19-error\" aria-describedby=\"wpforms-702-field_19-description\" ><div id=\"wpforms-702-field_19-description\" class=\"wpforms-field-description\">nur f\u00fcr ausl\u00e4ndische Kontodaten notwendig<\/div><\/div><div id=\"wpforms-702-field_3-container\" class=\"wpforms-field wpforms-field-textarea\" data-field-id=\"3\"><label class=\"wpforms-field-label\" for=\"wpforms-702-field_3\">zus\u00e4tzliche Nachricht<\/label><textarea id=\"wpforms-702-field_3\" class=\"wpforms-field-medium\" name=\"wpforms[fields][3]\" aria-errormessage=\"wpforms-702-field_3-error\" ><\/textarea><\/div><div id=\"wpforms-702-field_15-container\" class=\"wpforms-field wpforms-field-checkbox\" data-field-id=\"15\"><fieldset><legend class=\"wpforms-field-label\">Einzugserm\u00e4chtigung<\/legend><ul id=\"wpforms-702-field_15\"><li class=\"choice-1 depth-1\"><input type=\"checkbox\" id=\"wpforms-702-field_15_1\" name=\"wpforms[fields][15][]\" value=\"Hiermit erm\u00e4chtige\/n ich\/wir den F\u00f6rderverein der Kath. Kindertagesst\u00e4tte St. Elisabeth in Ha\u00dfloch e.V., den jeweils f\u00e4lligen Jahresbetrag in der oben angegebenen H\u00f6he von meinem Konto einzuziehen\" aria-errormessage=\"wpforms-702-field_15_1-error\"  ><label class=\"wpforms-field-label-inline\" for=\"wpforms-702-field_15_1\">Hiermit erm\u00e4chtige\/n ich\/wir den F\u00f6rderverein der Kath. Kindertagesst\u00e4tte St. Elisabeth in Ha\u00dfloch e.V., den jeweils f\u00e4lligen Jahresbetrag in der oben angegebenen H\u00f6he von meinem Konto einzuziehen<\/label><\/li><\/ul><\/fieldset><\/div><div id=\"wpforms-702-field_24-container\" class=\"wpforms-field wpforms-field-checkbox\" data-field-id=\"24\"><fieldset><legend class=\"wpforms-field-label\">Beitritserkl\u00e4rung <span class=\"wpforms-required-label\" aria-hidden=\"true\">*<\/span><\/legend><ul id=\"wpforms-702-field_24\" class=\"wpforms-field-required\"><li class=\"choice-1 depth-1\"><input type=\"checkbox\" id=\"wpforms-702-field_24_1\" name=\"wpforms[fields][24][]\" value=\"Hiermit erkl\u00e4re ich meinen Beitritt zum F\u00f6rderverein der kath. Kindertagesst\u00e4tte St. Elisabeth in Ha\u00dfloch.  Ich erkenne die aktuell g\u00fcltige &lt;a href=&quot;https:\/\/st-elisabeth-hassloch.de\/wp-content\/uploads\/2025\/06\/Satzung_Foerderverein.pdf&quot;&gt;Satzung&lt;\/a&gt; an und verpflichte mich zur Zahlung des von der Mitgliederversammlung festgesetzten Beitrags bzw. den angegeben Beitrag welche im Feld Mitgliedsbeitrag eingetragen wurde. Die Mitgliedschaft ist unbefristet und kann zum Jahresende schriftlich gek\u00fcndigt werden.\" aria-errormessage=\"wpforms-702-field_24_1-error\" required ><label class=\"wpforms-field-label-inline\" for=\"wpforms-702-field_24_1\">Hiermit erkl\u00e4re ich meinen Beitritt zum F\u00f6rderverein der kath. Kindertagesst\u00e4tte St. Elisabeth in Ha\u00dfloch.  Ich erkenne die aktuell g\u00fcltige <a href=\"https:\/\/st-elisabeth-hassloch.de\/wp-content\/uploads\/2025\/06\/Satzung_Foerderverein.pdf\">Satzung<\/a> an und verpflichte mich zur Zahlung des von der Mitgliederversammlung festgesetzten Beitrags bzw. den angegeben Beitrag welche im Feld Mitgliedsbeitrag eingetragen wurde. Die Mitgliedschaft ist unbefristet und kann zum Jahresende schriftlich gek\u00fcndigt werden.<\/label><\/li><\/ul><\/fieldset><\/div><div id=\"wpforms-702-field_16-container\" class=\"wpforms-field wpforms-field-checkbox\" data-field-id=\"16\"><fieldset><legend class=\"wpforms-field-label\">Datenschutzerkl\u00e4rung <span class=\"wpforms-required-label\" aria-hidden=\"true\">*<\/span><\/legend><ul id=\"wpforms-702-field_16\" class=\"wpforms-field-required\"><li class=\"choice-1 depth-1\"><input type=\"checkbox\" id=\"wpforms-702-field_16_1\" name=\"wpforms[fields][16][]\" value=\"Ich willige ein, dass der F\u00f6rderverein der KiTa St. Elisabeth Ha\u00dfloch (als verantwortliche Stelle) die in der Beitrittserkl\u00e4rung erhobenen Daten, wie Name, Vorname, Geburtsdatum, Adresse, E-Mail-Adresse, Telefonnummer und Bankverbindung ausschlie\u00dflich zum Zwecke der Mitgliederverwaltung, des Beitragseinzugs und der \u00dcbermittlung von Vereinsinformationen verarbeitet und nutzt. Eine Daten\u00fcbermittlung an Dritte findet nicht statt. Eine Datennutzung f\u00fcr Werbezwecke findet ebenfalls nicht statt. Bei Beendigung der Mitgliedschaft werden personenbezogene Daten gel\u00f6scht, soweit sie nicht entsprechend der steuerrechtlichen Vorgaben aufbewahrt werden m\u00fcssen. Jedes Mitglied hat im Rahmen der Vorgaben des Bundesdatenschutzgesetzes das Recht auf Auskunft \u00fcber die personenbezogenen Daten, die zu seiner Person bei der verantwortlichen Stelle gespeichert sind. Au\u00dferdem hat das Mitglied im Falle von fehlerhaften Daten ein Korrekturrecht.\" aria-errormessage=\"wpforms-702-field_16_1-error\" required ><label class=\"wpforms-field-label-inline\" for=\"wpforms-702-field_16_1\">Ich willige ein, dass der F\u00f6rderverein der KiTa St. Elisabeth Ha\u00dfloch (als verantwortliche Stelle) die in der Beitrittserkl\u00e4rung erhobenen Daten, wie Name, Vorname, Geburtsdatum, Adresse, E-Mail-Adresse, Telefonnummer und Bankverbindung ausschlie\u00dflich zum Zwecke der Mitgliederverwaltung, des Beitragseinzugs und der \u00dcbermittlung von Vereinsinformationen verarbeitet und nutzt. Eine Daten\u00fcbermittlung an Dritte findet nicht statt. Eine Datennutzung f\u00fcr Werbezwecke findet ebenfalls nicht statt. Bei Beendigung der Mitgliedschaft werden personenbezogene Daten gel\u00f6scht, soweit sie nicht entsprechend der steuerrechtlichen Vorgaben aufbewahrt werden m\u00fcssen. Jedes Mitglied hat im Rahmen der Vorgaben des Bundesdatenschutzgesetzes das Recht auf Auskunft \u00fcber die personenbezogenen Daten, die zu seiner Person bei der verantwortlichen Stelle gespeichert sind. Au\u00dferdem hat das Mitglied im Falle von fehlerhaften Daten ein Korrekturrecht.<\/label><\/li><\/ul><\/fieldset><\/div><script>\n\t\t\t\t( function() {\n\t\t\t\t\tconst style = document.createElement( 'style' );\n\t\t\t\t\tstyle.appendChild( document.createTextNode( '#wpforms-702-field_4-container { position: absolute !important; overflow: hidden !important; display: inline !important; height: 1px !important; width: 1px !important; z-index: -1000 !important; padding: 0 !important; } #wpforms-702-field_4-container input { visibility: hidden; } #wpforms-conversational-form-page #wpforms-702-field_4-container label { counter-increment: none; }' ) );\n\t\t\t\t\tdocument.head.appendChild( style );\n\t\t\t\t\tdocument.currentScript?.remove();\n\t\t\t\t} )();\n\t\t\t<\/script><\/div><!-- .wpforms-field-container --><div class=\"wpforms-submit-container\" ><input type=\"hidden\" name=\"wpforms[id]\" value=\"702\"><input type=\"hidden\" name=\"page_title\" value=\"\"><input type=\"hidden\" name=\"page_url\" value=\"https:\/\/st-elisabeth-hassloch.de\/index.php\/wp-json\/wp\/v2\/pages\/445\"><input type=\"hidden\" name=\"url_referer\" value=\"\"><button type=\"submit\" name=\"wpforms[submit]\" id=\"wpforms-submit-702\" class=\"wpforms-submit\" data-alt-text=\"Ihre Daten werden verarbeitet\" data-submit-text=\"Absenden\" aria-live=\"assertive\" value=\"wpforms-submit\">Absenden<\/button><img decoding=\"async\" src=\"https:\/\/st-elisabeth-hassloch.de\/wp-content\/plugins\/wpforms-lite\/assets\/images\/submit-spin.svg\" class=\"wpforms-submit-spinner\" style=\"display: none;\" width=\"26\" height=\"26\" alt=\"Loading\"><\/div><\/form><\/div>  <!-- .wpforms-container -->\t\t<\/div>\n\t\t\t\t<\/div>\n\t\t\t\t\t<\/div>\n\t\t<\/div>\n\t\t\t\t<section class=\"elementor-column elementor-col-50 elementor-inner-column elementor-element elementor-element-609ec24\" data-id=\"609ec24\" data-element_type=\"column\">\n\t\t\t<div class=\"elementor-widget-wrap elementor-element-populated\">\n\t\t\t\t\t\t<div class=\"elementor-element elementor-element-807402c elementor-widget elementor-widget-image\" data-id=\"807402c\" data-element_type=\"widget\" data-widget_type=\"image.default\">\n\t\t\t\t<div class=\"elementor-widget-container\">\n\t\t\t<style>\/*! elementor - v3.23.0 - 05-08-2024 *\/\n.elementor-widget-image{text-align:center}.elementor-widget-image a{display:inline-block}.elementor-widget-image a img[src$=\".svg\"]{width:48px}.elementor-widget-image img{vertical-align:middle;display:inline-block}<\/style>\t\t\t\t\t\t\t\t\t\t<img fetchpriority=\"high\" decoding=\"async\" width=\"300\" height=\"300\" src=\"https:\/\/st-elisabeth-hassloch.de\/wp-content\/uploads\/2023\/12\/FB_IMG_1728240897113.jpg\" class=\"attachment-medium size-medium wp-image-239\" alt=\"\" \/>\t\t\t\t\t\t\t\t\t\t\t\t\t<\/div>\n\t\t\t\t<\/div>\n\t\t\t\t\t<\/div>\n\t\t<\/section>\n\t\t\t\t\t<\/div>\n\t\t<\/section>\n\t\t\t\t\t<\/div>\n\t\t<\/div>\n\t\t\t\t\t<\/div>\n\t\t<\/section>\n\t\t\t\t<\/div>\n\t\t","protected":false},"excerpt":{"rendered":"<p>F\u00f6rderverein der Kath. Kindertagesst\u00e4tte St. Elisabeth in Ha\u00dfloch e.V. Please enable JavaScript in your browser to complete this form.Please enable JavaScript in your browser to complete this form. Mitgliedschaft * Einzelmitgliedschaft Familienmitgliedschaft Name(n) *Vorname(n) *MitgliedsbeitragEinzelbeitrag mind, 9,- \u20ac \/ Familienbeitrag 15,- \u20acStra\u00dfe, Hausnr. *PLZ *Ort *E-Mail *Kontoinhaber *IBAN *BICnur f\u00fcr ausl\u00e4ndische Kontodaten notwendigzus\u00e4tzliche Nachricht Einzugserm\u00e4chtigung [&hellip;]<\/p>\n","protected":false},"author":1,"featured_media":0,"parent":0,"menu_order":0,"comment_status":"closed","ping_status":"closed","template":"","meta":{"site-sidebar-layout":"default","site-content-layout":"","ast-site-content-layout":"","site-content-style":"default","site-sidebar-style":"default","ast-global-header-display":"","ast-banner-title-visibility":"","ast-main-header-display":"","ast-hfb-above-header-display":"","ast-hfb-below-header-display":"","ast-hfb-mobile-header-display":"","site-post-title":"","ast-breadcrumbs-content":"","ast-featured-img":"","footer-sml-layout":"","theme-transparent-header-meta":"","adv-header-id-meta":"","stick-header-meta":"","header-above-stick-meta":"","header-main-stick-meta":"","header-below-stick-meta":"","astra-migrate-meta-layouts":"default","ast-page-background-enabled":"default","ast-page-background-meta":{"desktop":{"background-color":"var(--ast-global-color-4)","background-image":"","background-repeat":"repeat","background-position":"center center","background-size":"auto","background-attachment":"scroll","background-type":"","background-media":"","overlay-type":"","overlay-color":"","overlay-opacity":"","overlay-gradient":""},"tablet":{"background-color":"","background-image":"","background-repeat":"repeat","background-position":"center center","background-size":"auto","background-attachment":"scroll","background-type":"","background-media":"","overlay-type":"","overlay-color":"","overlay-opacity":"","overlay-gradient":""},"mobile":{"background-color":"","background-image":"","background-repeat":"repeat","background-position":"center center","background-size":"auto","background-attachment":"scroll","background-type":"","background-media":"","overlay-type":"","overlay-color":"","overlay-opacity":"","overlay-gradient":""}},"ast-content-background-meta":{"desktop":{"background-color":"var(--ast-global-color-5)","background-image":"","background-repeat":"repeat","background-position":"center center","background-size":"auto","background-attachment":"scroll","background-type":"","background-media":"","overlay-type":"","overlay-color":"","overlay-opacity":"","overlay-gradient":""},"tablet":{"background-color":"var(--ast-global-color-5)","background-image":"","background-repeat":"repeat","background-position":"center center","background-size":"auto","background-attachment":"scroll","background-type":"","background-media":"","overlay-type":"","overlay-color":"","overlay-opacity":"","overlay-gradient":""},"mobile":{"background-color":"var(--ast-global-color-5)","background-image":"","background-repeat":"repeat","background-position":"center center","background-size":"auto","background-attachment":"scroll","background-type":"","background-media":"","overlay-type":"","overlay-color":"","overlay-opacity":"","overlay-gradient":""}},"footnotes":""},"class_list":["post-445","page","type-page","status-publish","hentry"],"_links":{"self":[{"href":"https:\/\/st-elisabeth-hassloch.de\/index.php\/wp-json\/wp\/v2\/pages\/445","targetHints":{"allow":["GET"]}}],"collection":[{"href":"https:\/\/st-elisabeth-hassloch.de\/index.php\/wp-json\/wp\/v2\/pages"}],"about":[{"href":"https:\/\/st-elisabeth-hassloch.de\/index.php\/wp-json\/wp\/v2\/types\/page"}],"author":[{"embeddable":true,"href":"https:\/\/st-elisabeth-hassloch.de\/index.php\/wp-json\/wp\/v2\/users\/1"}],"replies":[{"embeddable":true,"href":"https:\/\/st-elisabeth-hassloch.de\/index.php\/wp-json\/wp\/v2\/comments?post=445"}],"version-history":[{"count":3,"href":"https:\/\/st-elisabeth-hassloch.de\/index.php\/wp-json\/wp\/v2\/pages\/445\/revisions"}],"predecessor-version":[{"id":706,"href":"https:\/\/st-elisabeth-hassloch.de\/index.php\/wp-json\/wp\/v2\/pages\/445\/revisions\/706"}],"wp:attachment":[{"href":"https:\/\/st-elisabeth-hassloch.de\/index.php\/wp-json\/wp\/v2\/media?parent=445"}],"curies":[{"name":"wp","href":"https:\/\/api.w.org\/{rel}","templated":true}]}}