{"id":332,"date":"2025-05-09T06:12:43","date_gmt":"2025-05-09T06:12:43","guid":{"rendered":"https:\/\/st-elisabeth-hassloch.de\/?page_id=332"},"modified":"2026-02-10T20:04:27","modified_gmt":"2026-02-10T20:04:27","slug":"impressum","status":"publish","type":"page","link":"https:\/\/st-elisabeth-hassloch.de\/index.php\/impressum\/","title":{"rendered":"Impressum"},"content":{"rendered":"\t\t<div data-elementor-type=\"wp-page\" data-elementor-id=\"332\" class=\"elementor elementor-332\" data-elementor-post-type=\"page\">\n\t\t\t\t\t\t<section class=\"elementor-section elementor-top-section elementor-element elementor-element-462bea5e elementor-section-height-min-height elementor-section-content-middle elementor-section-boxed elementor-section-height-default elementor-section-items-middle\" data-id=\"462bea5e\" data-element_type=\"section\" data-settings=\"{&quot;background_background&quot;:&quot;classic&quot;}\">\n\t\t\t\t\t\t\t<div class=\"elementor-background-overlay\"><\/div>\n\t\t\t\t\t\t\t<div class=\"elementor-container elementor-column-gap-no\">\n\t\t\t\t\t<div class=\"elementor-column elementor-col-100 elementor-top-column elementor-element elementor-element-435e5363\" data-id=\"435e5363\" data-element_type=\"column\" data-settings=\"{&quot;background_background&quot;:&quot;classic&quot;}\">\n\t\t\t<div class=\"elementor-widget-wrap elementor-element-populated\">\n\t\t\t\t\t\t<div class=\"elementor-element elementor-element-7d2f1e66 elementor-widget elementor-widget-heading\" data-id=\"7d2f1e66\" data-element_type=\"widget\" data-widget_type=\"heading.default\">\n\t\t\t\t<div class=\"elementor-widget-container\">\n\t\t\t<style>\/*! elementor - v3.23.0 - 05-08-2024 *\/\n.elementor-heading-title{padding:0;margin:0;line-height:1}.elementor-widget-heading .elementor-heading-title[class*=elementor-size-]>a{color:inherit;font-size:inherit;line-height:inherit}.elementor-widget-heading .elementor-heading-title.elementor-size-small{font-size:15px}.elementor-widget-heading .elementor-heading-title.elementor-size-medium{font-size:19px}.elementor-widget-heading .elementor-heading-title.elementor-size-large{font-size:29px}.elementor-widget-heading .elementor-heading-title.elementor-size-xl{font-size:39px}.elementor-widget-heading .elementor-heading-title.elementor-size-xxl{font-size:59px}<\/style><h1 class=\"elementor-heading-title elementor-size-default\">Impressum<\/h1>\t\t<\/div>\n\t\t\t\t<\/div>\n\t\t\t\t\t<\/div>\n\t\t<\/div>\n\t\t\t\t\t<\/div>\n\t\t<\/section>\n\t\t\t\t<section class=\"elementor-section elementor-top-section elementor-element elementor-element-4a61ae27 elementor-section-boxed elementor-section-height-default elementor-section-height-default\" data-id=\"4a61ae27\" data-element_type=\"section\">\n\t\t\t\t\t\t\t<div class=\"elementor-background-overlay\"><\/div>\n\t\t\t\t\t\t\t<div class=\"elementor-container elementor-column-gap-no\">\n\t\t\t\t\t<div class=\"elementor-column elementor-col-100 elementor-top-column elementor-element elementor-element-70f2cc92\" data-id=\"70f2cc92\" data-element_type=\"column\" data-settings=\"{&quot;background_background&quot;:&quot;classic&quot;}\">\n\t\t\t<div class=\"elementor-widget-wrap elementor-element-populated\">\n\t\t\t\t\t<div class=\"elementor-background-overlay\"><\/div>\n\t\t\t\t\t\t<section class=\"elementor-section elementor-inner-section elementor-element elementor-element-65f0603 elementor-section-boxed elementor-section-height-default elementor-section-height-default\" data-id=\"65f0603\" data-element_type=\"section\">\n\t\t\t\t\t\t<div class=\"elementor-container elementor-column-gap-no\">\n\t\t\t\t\t<div class=\"elementor-column elementor-col-100 elementor-inner-column elementor-element elementor-element-a72b797\" data-id=\"a72b797\" data-element_type=\"column\">\n\t\t\t<div class=\"elementor-widget-wrap elementor-element-populated\">\n\t\t\t\t\t\t<div class=\"elementor-element elementor-element-2675e7fa elementor-widget-divider--separator-type-pattern elementor-widget-divider--view-line elementor-widget elementor-widget-divider\" data-id=\"2675e7fa\" data-element_type=\"widget\" data-widget_type=\"divider.default\">\n\t\t\t\t<div class=\"elementor-widget-container\">\n\t\t\t<style>\/*! elementor - v3.23.0 - 05-08-2024 *\/\n.elementor-widget-divider{--divider-border-style:none;--divider-border-width:1px;--divider-color:#0c0d0e;--divider-icon-size:20px;--divider-element-spacing:10px;--divider-pattern-height:24px;--divider-pattern-size:20px;--divider-pattern-url:none;--divider-pattern-repeat:repeat-x}.elementor-widget-divider .elementor-divider{display:flex}.elementor-widget-divider .elementor-divider__text{font-size:15px;line-height:1;max-width:95%}.elementor-widget-divider .elementor-divider__element{margin:0 var(--divider-element-spacing);flex-shrink:0}.elementor-widget-divider .elementor-icon{font-size:var(--divider-icon-size)}.elementor-widget-divider .elementor-divider-separator{display:flex;margin:0;direction:ltr}.elementor-widget-divider--view-line_icon .elementor-divider-separator,.elementor-widget-divider--view-line_text .elementor-divider-separator{align-items:center}.elementor-widget-divider--view-line_icon .elementor-divider-separator:after,.elementor-widget-divider--view-line_icon .elementor-divider-separator:before,.elementor-widget-divider--view-line_text .elementor-divider-separator:after,.elementor-widget-divider--view-line_text .elementor-divider-separator:before{display:block;content:\"\";border-block-end:0;flex-grow:1;border-block-start:var(--divider-border-width) var(--divider-border-style) var(--divider-color)}.elementor-widget-divider--element-align-left .elementor-divider .elementor-divider-separator>.elementor-divider__svg:first-of-type{flex-grow:0;flex-shrink:100}.elementor-widget-divider--element-align-left .elementor-divider-separator:before{content:none}.elementor-widget-divider--element-align-left .elementor-divider__element{margin-left:0}.elementor-widget-divider--element-align-right .elementor-divider .elementor-divider-separator>.elementor-divider__svg:last-of-type{flex-grow:0;flex-shrink:100}.elementor-widget-divider--element-align-right .elementor-divider-separator:after{content:none}.elementor-widget-divider--element-align-right .elementor-divider__element{margin-right:0}.elementor-widget-divider--element-align-start .elementor-divider .elementor-divider-separator>.elementor-divider__svg:first-of-type{flex-grow:0;flex-shrink:100}.elementor-widget-divider--element-align-start .elementor-divider-separator:before{content:none}.elementor-widget-divider--element-align-start .elementor-divider__element{margin-inline-start:0}.elementor-widget-divider--element-align-end .elementor-divider .elementor-divider-separator>.elementor-divider__svg:last-of-type{flex-grow:0;flex-shrink:100}.elementor-widget-divider--element-align-end .elementor-divider-separator:after{content:none}.elementor-widget-divider--element-align-end .elementor-divider__element{margin-inline-end:0}.elementor-widget-divider:not(.elementor-widget-divider--view-line_text):not(.elementor-widget-divider--view-line_icon) .elementor-divider-separator{border-block-start:var(--divider-border-width) var(--divider-border-style) var(--divider-color)}.elementor-widget-divider--separator-type-pattern{--divider-border-style:none}.elementor-widget-divider--separator-type-pattern.elementor-widget-divider--view-line .elementor-divider-separator,.elementor-widget-divider--separator-type-pattern:not(.elementor-widget-divider--view-line) .elementor-divider-separator:after,.elementor-widget-divider--separator-type-pattern:not(.elementor-widget-divider--view-line) .elementor-divider-separator:before,.elementor-widget-divider--separator-type-pattern:not([class*=elementor-widget-divider--view]) .elementor-divider-separator{width:100%;min-height:var(--divider-pattern-height);-webkit-mask-size:var(--divider-pattern-size) 100%;mask-size:var(--divider-pattern-size) 100%;-webkit-mask-repeat:var(--divider-pattern-repeat);mask-repeat:var(--divider-pattern-repeat);background-color:var(--divider-color);-webkit-mask-image:var(--divider-pattern-url);mask-image:var(--divider-pattern-url)}.elementor-widget-divider--no-spacing{--divider-pattern-size:auto}.elementor-widget-divider--bg-round{--divider-pattern-repeat:round}.rtl .elementor-widget-divider .elementor-divider__text{direction:rtl}.e-con-inner>.elementor-widget-divider,.e-con>.elementor-widget-divider{width:var(--container-widget-width,100%);--flex-grow:var(--container-widget-flex-grow)}<\/style>\t\t<div class=\"elementor-divider\" style=\"--divider-pattern-url: url(&quot;data:image\/svg+xml,%3Csvg xmlns=&#039;http:\/\/www.w3.org\/2000\/svg&#039; preserveAspectRatio=&#039;none&#039; overflow=&#039;visible&#039; height=&#039;100%&#039; viewBox=&#039;0 0 24 24&#039; fill=&#039;none&#039; stroke=&#039;black&#039; stroke-width=&#039;4&#039; stroke-linecap=&#039;square&#039; stroke-miterlimit=&#039;10&#039;%3E%3Cpolyline points=&#039;0,18 12,6 24,18 &#039;\/%3E%3C\/svg%3E&quot;);\">\n\t\t\t<span class=\"elementor-divider-separator\">\n\t\t\t\t\t\t<\/span>\n\t\t<\/div>\n\t\t\t\t<\/div>\n\t\t\t\t<\/div>\n\t\t\t\t<div class=\"elementor-element elementor-element-962aaea elementor-widget elementor-widget-text-editor\" data-id=\"962aaea\" data-element_type=\"widget\" data-widget_type=\"text-editor.default\">\n\t\t\t\t<div class=\"elementor-widget-container\">\n\t\t\t<style>\/*! elementor - v3.23.0 - 05-08-2024 *\/\n.elementor-widget-text-editor.elementor-drop-cap-view-stacked .elementor-drop-cap{background-color:#69727d;color:#fff}.elementor-widget-text-editor.elementor-drop-cap-view-framed .elementor-drop-cap{color:#69727d;border:3px solid;background-color:transparent}.elementor-widget-text-editor:not(.elementor-drop-cap-view-default) .elementor-drop-cap{margin-top:8px}.elementor-widget-text-editor:not(.elementor-drop-cap-view-default) .elementor-drop-cap-letter{width:1em;height:1em}.elementor-widget-text-editor .elementor-drop-cap{float:left;text-align:center;line-height:1;font-size:50px}.elementor-widget-text-editor .elementor-drop-cap-letter{display:inline-block}<\/style>\t\t\t\t<div>\n<div>\n<div>\n<div>\n<div>\n<div>\n<p><strong>Kath. Kindertagesst\u00e4tte St.-Elisabeth in Ha\u00dfloch<\/strong><\/p>\n<p>Kath. Kindertagesst\u00e4tte St. Elisabeth in Ha\u00dfloch<\/p>\n<p>Mozartstra\u00dfe 20<br>67454 Ha\u00dfloch<\/p>\n<\/div>\n<p>Leitung: Nicole Zieger<br>stellv. Leitung: Marion Strau\u00df<\/p>\n<div id=\"c132012\" class=\"frame frame-type-text frame-default frame-type-text frame-layout-0 frame-space-before-none frame-space-after-none \">\n<p>Verantwortlicher gem\u00e4\u00df \u00a7 18 Abs. 2 MStV:<\/p>\n<p>Pfarrer Mattias Schmitt<br><span style=\"font-style: inherit; font-weight: inherit; letter-spacing: -0.6px;\">(Administrator f\u00fcr die Pfarrei Hl. Klara von Assisi Ha\u00dfloch, B\u00f6hl-Iggelheim)<\/span><\/p><p>(R\u00f6sselgasse 4, 67454 Ha\u00dfloch, Tel: 06324 \/ 2148)<\/p><\/div><\/div><div><div>\n<p><strong>F\u00f6rderverein f\u00fcr die katholische Kindertagesst\u00e4tte<br>St. Elisabeth in Ha\u00dfloch e.V.<\/strong><\/p>\n<p>F\u00f6rderverein f\u00fcr die katholische Kindertagesst\u00e4tte<br>St. Elisabeth in Ha\u00dfloch e.V.<\/p>\n<p>Mozartstra\u00dfe 20<br>67454 Ha\u00dfloch<\/p>\n<p>Tel. 06324 80684<\/p>\n<\/div>\n<p>Vorsitzender: Georg Wuttke<br>Vereinsregister: VR60430, Amtsgericht Ludwigshafen\/Rhein<\/p>\n<p>Bankverbindung: <br>Vereinigte VR Bank Kur- und Rheinpfalz eG<br>IBAN: DE10 5479 0000 0001 5502 68<br>BIC: GENODE61SPE<\/p>\n<div>\n<p><a href=\"mailto:fv-kita-st-elisabeth@web.de\">fv-kita-st-elisabeth@web.de<\/a><\/p>\n<p>Alle Rechte, auch die der fotomechanischen Wiedergabe, der Vervielf\u00e4ltigung und der Verbreitung mittels besonderer Verfahren (zum Beispiel Datenverarbeitung, Datentr\u00e4ger, Datennetze), auch teilweise, beh\u00e4lt sich der St.-Elisabeth Kindergarten vor. F\u00fcr etwaige Satzfehler sowie f\u00fcr die Richtigkeit der Eintragungen \u00fcbernimmt der St. Elisabeth Kindergarten keine Gew\u00e4hr.&nbsp;&nbsp;<\/p>\n<h2>Markenrecht&nbsp;<\/h2>\n<p>Wir weisen ausdr\u00fccklich darauf hin, dass die auf dieser Website genannten und gezeigten Bezeichnungen, Warenzeichen, Logos und Markennamen Eigentum der entsprechenden Firmen und\/oder Personen sind und dem Copyright unterliegen!&nbsp;<\/p>\n<h2>Internet-Bedingungen<\/h2>\n<p>Das Internet arbeitet als dezentraler Netzwerkverbund mit der Zwischenspeicherung und Weitergabe tempor\u00e4rer Daten. Eine Gew\u00e4hr f\u00fcr den Ausschluss von Manipulation, von versehentlichem Verf\u00e4lschen und Gew\u00e4hr f\u00fcr die Verwendung nur aktueller Daten (z.B. alte Version noch im Cache) auf dem Verbindungsweg Anbieter zu Nutzer kann es zurzeit daher nicht geben. Auf diese systembedingte Einschr\u00e4nkung weisen wir daher wie folgt hin: Sie erhalten diese Daten unter den Bedingungen des Internets. F\u00fcr die Richtigkeit der Angaben und die \u00dcbereinstimmung mit den Ursprungsdaten kann daher keine Gew\u00e4hr \u00fcbernommen werden.&nbsp;<\/p>\n<h2>Links<\/h2>\n<p>Mit Urteil vom 12. Mai 1998 hat das Landgericht Hamburg entschieden, dass mit Ausbringung eines Links die Inhalte der gelinkten Seite ggf. mit zu verantworten sind. Dies kann &#8211; so das LG &#8211; nur dadurch verhindert werden, dass man sich von diesen Inhalten ausdr\u00fccklich distanziert. Wir haben Links zu anderen Seiten im Internet gelegt. F\u00fcr alle diese Links gilt: Wir m\u00f6chten betonen, dass wir keinerlei Einfluss auf die Inhalte oder die Gestaltung der gelinkten Seiten haben. Deshalb distanzieren wir und hiermit ausdr\u00fccklich von allen Inhalten aller Seiten, die von unseren Seiten verlinkt sind. Die Inhalte dieser Seiten machen wir uns nicht zu Eigen. Diese Erkl\u00e4rung gilt f\u00fcr alle auf unseren Seiten angebrachten Links und f\u00fcr die Inhalte aller Seiten, zu denen die angebrachten Links f\u00fchren.<\/p>\n<\/div>\n<\/div>\n<\/div>\n<\/div>\n<\/div>\n<\/div>\t\t\t\t\t\t<\/div>\n\t\t\t\t<\/div>\n\t\t\t\t\t<\/div>\n\t\t<\/div>\n\t\t\t\t\t<\/div>\n\t\t<\/section>\n\t\t\t\t<div class=\"elementor-element elementor-element-3b6ac9b elementor-widget-divider--separator-type-pattern elementor-widget-divider--view-line elementor-widget elementor-widget-divider\" data-id=\"3b6ac9b\" data-element_type=\"widget\" data-widget_type=\"divider.default\">\n\t\t\t\t<div class=\"elementor-widget-container\">\n\t\t\t\t\t<div class=\"elementor-divider\" style=\"--divider-pattern-url: url(&quot;data:image\/svg+xml,%3Csvg xmlns=&#039;http:\/\/www.w3.org\/2000\/svg&#039; preserveAspectRatio=&#039;none&#039; overflow=&#039;visible&#039; height=&#039;100%&#039; viewBox=&#039;0 0 24 24&#039; fill=&#039;none&#039; stroke=&#039;black&#039; stroke-width=&#039;4&#039; stroke-linecap=&#039;square&#039; stroke-miterlimit=&#039;10&#039;%3E%3Cpolyline points=&#039;0,18 12,6 24,18 &#039;\/%3E%3C\/svg%3E&quot;);\">\n\t\t\t<span class=\"elementor-divider-separator\">\n\t\t\t\t\t\t<\/span>\n\t\t<\/div>\n\t\t\t\t<\/div>\n\t\t\t\t<\/div>\n\t\t\t\t\t<\/div>\n\t\t<\/div>\n\t\t\t\t\t<\/div>\n\t\t<\/section>\n\t\t\t\t<\/div>\n\t\t","protected":false},"excerpt":{"rendered":"<p>Impressum Kath. Kindertagesst\u00e4tte St.-Elisabeth in Ha\u00dfloch Kath. Kindertagesst\u00e4tte St. Elisabeth in Ha\u00dfloch Mozartstra\u00dfe 2067454 Ha\u00dfloch Leitung: Nicole Ziegerstellv. Leitung: Marion Strau\u00df Verantwortlicher gem\u00e4\u00df \u00a7 18 Abs. 2 MStV: Pfarrer Mattias Schmitt(Administrator f\u00fcr die Pfarrei Hl. Klara von Assisi Ha\u00dfloch, B\u00f6hl-Iggelheim) (R\u00f6sselgasse 4, 67454 Ha\u00dfloch, Tel: 06324 \/ 2148) F\u00f6rderverein f\u00fcr die katholische Kindertagesst\u00e4tteSt. Elisabeth in [&hellip;]<\/p>\n","protected":false},"author":1,"featured_media":0,"parent":0,"menu_order":0,"comment_status":"closed","ping_status":"closed","template":"","meta":{"site-sidebar-layout":"no-sidebar","site-content-layout":"","ast-site-content-layout":"full-width-container","site-content-style":"default","site-sidebar-style":"default","ast-global-header-display":"","ast-banner-title-visibility":"","ast-main-header-display":"","ast-hfb-above-header-display":"","ast-hfb-below-header-display":"","ast-hfb-mobile-header-display":"","site-post-title":"disabled","ast-breadcrumbs-content":"","ast-featured-img":"disabled","footer-sml-layout":"","theme-transparent-header-meta":"","adv-header-id-meta":"","stick-header-meta":"","header-above-stick-meta":"","header-main-stick-meta":"","header-below-stick-meta":"","astra-migrate-meta-layouts":"default","ast-page-background-enabled":"default","ast-page-background-meta":{"desktop":{"background-color":"var(--ast-global-color-4)","background-image":"","background-repeat":"repeat","background-position":"center center","background-size":"auto","background-attachment":"scroll","background-type":"","background-media":"","overlay-type":"","overlay-color":"","overlay-opacity":"","overlay-gradient":""},"tablet":{"background-color":"","background-image":"","background-repeat":"repeat","background-position":"center center","background-size":"auto","background-attachment":"scroll","background-type":"","background-media":"","overlay-type":"","overlay-color":"","overlay-opacity":"","overlay-gradient":""},"mobile":{"background-color":"","background-image":"","background-repeat":"repeat","background-position":"center center","background-size":"auto","background-attachment":"scroll","background-type":"","background-media":"","overlay-type":"","overlay-color":"","overlay-opacity":"","overlay-gradient":""}},"ast-content-background-meta":{"desktop":{"background-color":"var(--ast-global-color-5)","background-image":"","background-repeat":"repeat","background-position":"center center","background-size":"auto","background-attachment":"scroll","background-type":"","background-media":"","overlay-type":"","overlay-color":"","overlay-opacity":"","overlay-gradient":""},"tablet":{"background-color":"var(--ast-global-color-5)","background-image":"","background-repeat":"repeat","background-position":"center center","background-size":"auto","background-attachment":"scroll","background-type":"","background-media":"","overlay-type":"","overlay-color":"","overlay-opacity":"","overlay-gradient":""},"mobile":{"background-color":"var(--ast-global-color-5)","background-image":"","background-repeat":"repeat","background-position":"center center","background-size":"auto","background-attachment":"scroll","background-type":"","background-media":"","overlay-type":"","overlay-color":"","overlay-opacity":"","overlay-gradient":""}},"footnotes":""},"class_list":["post-332","page","type-page","status-publish","hentry"],"_links":{"self":[{"href":"https:\/\/st-elisabeth-hassloch.de\/index.php\/wp-json\/wp\/v2\/pages\/332","targetHints":{"allow":["GET"]}}],"collection":[{"href":"https:\/\/st-elisabeth-hassloch.de\/index.php\/wp-json\/wp\/v2\/pages"}],"about":[{"href":"https:\/\/st-elisabeth-hassloch.de\/index.php\/wp-json\/wp\/v2\/types\/page"}],"author":[{"embeddable":true,"href":"https:\/\/st-elisabeth-hassloch.de\/index.php\/wp-json\/wp\/v2\/users\/1"}],"replies":[{"embeddable":true,"href":"https:\/\/st-elisabeth-hassloch.de\/index.php\/wp-json\/wp\/v2\/comments?post=332"}],"version-history":[{"count":15,"href":"https:\/\/st-elisabeth-hassloch.de\/index.php\/wp-json\/wp\/v2\/pages\/332\/revisions"}],"predecessor-version":[{"id":1107,"href":"https:\/\/st-elisabeth-hassloch.de\/index.php\/wp-json\/wp\/v2\/pages\/332\/revisions\/1107"}],"wp:attachment":[{"href":"https:\/\/st-elisabeth-hassloch.de\/index.php\/wp-json\/wp\/v2\/media?parent=332"}],"curies":[{"name":"wp","href":"https:\/\/api.w.org\/{rel}","templated":true}]}}